{"id":1180,"date":"2025-07-10T15:18:34","date_gmt":"2025-07-10T13:18:34","guid":{"rendered":"https:\/\/atable.polarized.io\/imprint\/"},"modified":"2025-07-10T15:18:34","modified_gmt":"2025-07-10T13:18:34","slug":"imprint","status":"publish","type":"page","link":"https:\/\/iliosrestaurant.fr\/es\/imprint\/","title":{"rendered":"Imprint"},"content":{"rendered":"<!-- Legal document generated by Complianz | GDPR\/CCPA Cookie Consent https:\/\/wordpress.org\/plugins\/complianz-gdpr -->\n<div id=\"cmplz-document\" class=\"cmplz-document impressum cmplz-document-all\"><p><i>Este aviso legal \/ pie de imprenta fue actualizado por \u00faltima vez el 27\/08\/2025.<\/i><\/p><p class=\"cmplz-subtitle\">El propietario de este sitio web es:<\/p><p>POLARIZADO SASU SASU<br>400 Avenue de Roumanille, 06410 Biot<br>Francia<br>Correo electr\u00f3nico:&nbsp;<span class=\"cmplz-obfuscate\">&#099;o&#110;&#116;&#097;ct@<span class=\"cmplz-fmail-domain\">ex.&#099;&#111;m<\/span>&#112;ol&#097;r&#105;ze&#100;.io<\/span><br>N\u00famero de tel\u00e9fono: 0493001100<br>CIF (N\u00famero de IVA): FR08893968909<\/p><p class=\"cmplz-subtitle\">El\/los representante\/s legal\/es de POLARIZED SASU<\/p><p>Nicolas Rashidi<\/p><h2>1. General<\/h2><p class=\"cmplz-subtitle\">1.1 Estamos registrados en Chambre des commerces bajo el n\u00famero de licencia o registro:<\/p><p>893 968 909 R.C.S. Antibes<\/p><p>No estamos dispuestos ni obligados a participar en procedimientos de resoluci\u00f3n de conflictos ante una junta de arbitraje de consumo.<\/p><p class=\"cmplz-subtitle\">1.2 Die Eigentumsanteile der Gesellschaft (Aktienkapital), die von ihr ausgegeben wurden:<\/p><p>10 500,00<\/p><\/div>","protected":false},"excerpt":{"rendered":"","protected":false},"author":2,"featured_media":0,"parent":0,"menu_order":0,"comment_status":"closed","ping_status":"closed","template":"","meta":{"_acf_changed":false,"footnotes":""},"class_list":["post-1180","page","type-page","status-publish","hentry"],"acf":[],"_links":{"self":[{"href":"https:\/\/iliosrestaurant.fr\/es\/wp-json\/wp\/v2\/pages\/1180","targetHints":{"allow":["GET"]}}],"collection":[{"href":"https:\/\/iliosrestaurant.fr\/es\/wp-json\/wp\/v2\/pages"}],"about":[{"href":"https:\/\/iliosrestaurant.fr\/es\/wp-json\/wp\/v2\/types\/page"}],"author":[{"embeddable":true,"href":"https:\/\/iliosrestaurant.fr\/es\/wp-json\/wp\/v2\/users\/2"}],"replies":[{"embeddable":true,"href":"https:\/\/iliosrestaurant.fr\/es\/wp-json\/wp\/v2\/comments?post=1180"}],"version-history":[{"count":0,"href":"https:\/\/iliosrestaurant.fr\/es\/wp-json\/wp\/v2\/pages\/1180\/revisions"}],"wp:attachment":[{"href":"https:\/\/iliosrestaurant.fr\/es\/wp-json\/wp\/v2\/media?parent=1180"}],"curies":[{"name":"wp","href":"https:\/\/api.w.org\/{rel}","templated":true}]}}